{"id":14107,"date":"2017-03-01T16:35:14","date_gmt":"2017-03-01T08:35:14","guid":{"rendered":"https:\/\/ljdevice.com.tw\/%e7%94%a2%e5%93%81%e7%b8%bd%e8%a6%bd\/%e7%a9%8d%e9%ab%94%e9%9b%bb%e8%b7%af\/"},"modified":"2021-01-04T13:27:09","modified_gmt":"2021-01-04T05:27:09","slug":"ic","status":"publish","type":"page","link":"https:\/\/ljdevice.com.tw\/fr\/produits\/ic\/","title":{"rendered":"IC"},"content":{"rendered":"<div id='full_slider_1'  class='avia-fullwidth-slider main_color avia-shadow   avia-builder-el-0  el_before_av_layout_row  avia-builder-el-first   container_wrap sidebar_right'  >\n<style type=\"text\/css\" data-created_by=\"avia_inline_auto\" id=\"style-css-av-av_slideshow_full-2aa8aa9fe0f1283f963bf6d02a8ec7c8\">\n#top #wrap_all .avia-slideshow .av-slideshow-caption.av-av_slideshow_full-2aa8aa9fe0f1283f963bf6d02a8ec7c8__0 .avia-caption-title{\nfont-size:55px;\n}\n<\/style>\n<div  class='avia-slideshow av-av_slideshow_full-2aa8aa9fe0f1283f963bf6d02a8ec7c8 avia-slideshow-no scaling av_slideshow_full avia-fade-slider av-slideshow-ui av-control-default av-slideshow-manual av-loop-once av-loop-manual-endless av-default-height-applied   avia-slideshow-1' data-slideshow-options=\"{&quot;animation&quot;:&quot;fade&quot;,&quot;autoplay&quot;:false,&quot;loop_autoplay&quot;:&quot;once&quot;,&quot;interval&quot;:5,&quot;loop_manual&quot;:&quot;manual-endless&quot;,&quot;autoplay_stopper&quot;:false,&quot;noNavigation&quot;:false,&quot;bg_slider&quot;:false,&quot;keep_padding&quot;:false,&quot;hoverpause&quot;:false,&quot;show_slide_delay&quot;:0}\"  itemprop=\"image\" itemscope=\"itemscope\" itemtype=\"https:\/\/schema.org\/ImageObject\" ><ul class='avia-slideshow-inner ' style='padding-bottom: 16.666666666667%;'><li  class='avia-slideshow-slide av-av_slideshow_full-2aa8aa9fe0f1283f963bf6d02a8ec7c8__0  av-single-slide slide-1 slide-odd'><div data-rel='slideshow-1' class='avia-slide-wrap '   ><div class='av-slideshow-caption av-av_slideshow_full-2aa8aa9fe0f1283f963bf6d02a8ec7c8__0 caption_fullwidth caption_center'><div class=\"container caption_container\"><div class=\"slideshow_caption\"><div class=\"slideshow_inner_caption\"><div class=\"slideshow_align_caption\"><h2 class='avia-caption-title '  itemprop=\"name\" >IC<\/h2><\/div><\/div><\/div><\/div><\/div><img decoding=\"async\" fetchpriority=\"high\" class=\"wp-image-27397 avia-img-lazy-loading-not-27397\"  src=\"https:\/\/ljdevice.com.tw\/wp-content\/uploads\/2014\/10\/01.jpg\" width=\"1500\" height=\"250\" title='\u5716\u7247\u6a19\u984c' alt=''  itemprop=\"thumbnailUrl\" srcset=\"https:\/\/ljdevice.com.tw\/wp-content\/uploads\/2014\/10\/01.jpg 1500w, https:\/\/ljdevice.com.tw\/wp-content\/uploads\/2014\/10\/01-300x50.jpg 300w, https:\/\/ljdevice.com.tw\/wp-content\/uploads\/2014\/10\/01-768x128.jpg 768w, https:\/\/ljdevice.com.tw\/wp-content\/uploads\/2014\/10\/01-1030x172.jpg 1030w, https:\/\/ljdevice.com.tw\/wp-content\/uploads\/2014\/10\/01-705x118.jpg 705w, https:\/\/ljdevice.com.tw\/wp-content\/uploads\/2014\/10\/01-450x75.jpg 450w\" sizes=\"(max-width: 1500px) 100vw, 1500px\" \/><\/div><\/li><\/ul><\/div><\/div>\n<div id='av-layout-grid-1'  class='av-layout-grid-container av-av_layout_row-caf1f26e08707a2ebe9176b630e736c2 entry-content-wrapper main_color av-flex-cells  avia-builder-el-1  el_after_av_slideshow_full  el_before_av_section  grid-row-not-first  container_wrap sidebar_right'  >\n\n<style type=\"text\/css\" data-created_by=\"avia_inline_auto\" id=\"style-css-av-av_cell_one_full-ce883d7f3812b7ccd17886f833202aa8\">\n.flex_cell.av-av_cell_one_full-ce883d7f3812b7ccd17886f833202aa8{\nvertical-align:top;\nbackground-color:#289528;\n}\n.responsive #top #wrap_all .flex_cell.av-av_cell_one_full-ce883d7f3812b7ccd17886f833202aa8{\npadding:3px 3px 3px 3px !important;\n}\n<\/style>\n<div class='flex_cell av-av_cell_one_full-ce883d7f3812b7ccd17886f833202aa8 av-gridrow-cell av_one_full no_margin  avia-builder-el-2  avia-builder-el-no-sibling '  ><div class='flex_cell_inner'><\/div><\/div>\n<\/div>\n<div id='av_section_1'  class='avia-section av-av_section-1c6c2555841528b1825f9cc1964bd443 main_color avia-section-large avia-no-border-styling  avia-builder-el-3  el_after_av_layout_row  avia-builder-el-last  avia-bg-style-scroll container_wrap sidebar_right'  ><div class='container av-section-cont-open' ><div class='template-page content  av-content-small alpha units'><div class='post-entry post-entry-type-page post-entry-14107'><div class='entry-content-wrapper clearfix'>\n\n<style type=\"text\/css\" data-created_by=\"avia_inline_auto\" id=\"style-css-av-av_three_fifth-6126cab7d8fab8d08143dd2dacdf673c\">\n.flex_column.av-av_three_fifth-6126cab7d8fab8d08143dd2dacdf673c{\nborder-radius:0px 0px 0px 0px;\npadding:0px 0px 0px 0px;\n}\n<\/style>\n<div  class='flex_column av-av_three_fifth-6126cab7d8fab8d08143dd2dacdf673c av_three_fifth  avia-builder-el-4  el_before_av_two_fifth  avia-builder-el-first  first flex_column_div av-zero-column-padding  '     ><section  class='av_textblock_section av-av_textblock-35972167d9f102c5ddaec0c531c98b9e '   itemscope=\"itemscope\" itemtype=\"https:\/\/schema.org\/CreativeWork\" ><div class='avia_textblock'  itemprop=\"text\" ><p class=\"style55\" style=\"text-align: justify;\">LJ DEVICES a \u00e9t\u00e9 fond\u00e9e en 1995 comme entreprise de conception et de commerce de masques MCU, d\u00e9codeurs, m\u00e9moire des composants de semi-conducteurs et les moteurs vibrants couvrant les ordinateurs portables, PDA, t\u00e9l\u00e9phones portables&#8230; La conception a permis de fournir la solution compl\u00e8te de t\u00e9l\u00e9communications, et le commerce s&#8217;est d\u00e9velopp\u00e9 vers la distribution et s\u2019est d\u00e9velopp\u00e9 pour \u00e9galement inclure les produits Opto\u00e9lectroniques.<\/p>\n<\/div><\/section><\/div>\n<style type=\"text\/css\" data-created_by=\"avia_inline_auto\" id=\"style-css-av-av_two_fifth-0aa7055fe62c3622faec82866afbaeb2\">\n.flex_column.av-av_two_fifth-0aa7055fe62c3622faec82866afbaeb2{\nborder-radius:0px 0px 0px 0px;\npadding:0px 0px 0px 0px;\n}\n<\/style>\n<div  class='flex_column av-av_two_fifth-0aa7055fe62c3622faec82866afbaeb2 av_two_fifth  avia-builder-el-6  el_after_av_three_fifth  el_before_av_hr  flex_column_div av-zero-column-padding  '     ><style type=\"text\/css\" data-created_by=\"avia_inline_auto\" id=\"style-css-av-av_image-d1efdb5393c7a65aa6decc92b60d727d\">\n.avia-image-container.av-av_image-d1efdb5393c7a65aa6decc92b60d727d img.avia_image{\nbox-shadow:none;\n}\n.avia-image-container.av-av_image-d1efdb5393c7a65aa6decc92b60d727d .av-image-caption-overlay-center{\ncolor:#ffffff;\n}\n<\/style>\n<div  class='avia-image-container av-av_image-d1efdb5393c7a65aa6decc92b60d727d av-styling- avia-align-center  avia-builder-el-7  avia-builder-el-no-sibling '   itemprop=\"image\" itemscope=\"itemscope\" itemtype=\"https:\/\/schema.org\/ImageObject\" ><div class=\"avia-image-container-inner\"><div class=\"avia-image-overlay-wrap\"><img decoding=\"async\" fetchpriority=\"high\" class='wp-image-27452 avia-img-lazy-loading-not-27452 avia_image ' src=\"https:\/\/ljdevice.com.tw\/wp-content\/uploads\/2017\/03\/IC.jpg\" alt='' title='IC'  height=\"385\" width=\"650\"  itemprop=\"thumbnailUrl\" srcset=\"https:\/\/ljdevice.com.tw\/wp-content\/uploads\/2017\/03\/IC.jpg 650w, https:\/\/ljdevice.com.tw\/wp-content\/uploads\/2017\/03\/IC-300x178.jpg 300w, https:\/\/ljdevice.com.tw\/wp-content\/uploads\/2017\/03\/IC-450x267.jpg 450w\" sizes=\"(max-width: 650px) 100vw, 650px\" \/><\/div><\/div><\/div><\/div><div  class='hr av-av_hr-dcd2069817a0e3d34ae04cad8f3443c7 hr-default  avia-builder-el-8  el_after_av_two_fifth  el_before_av_one_full '><span class='hr-inner '><span class=\"hr-inner-style\"><\/span><\/span><\/div>\n\n<style type=\"text\/css\" data-created_by=\"avia_inline_auto\" id=\"style-css-av-av_one_full-6126cab7d8fab8d08143dd2dacdf673c\">\n.flex_column.av-av_one_full-6126cab7d8fab8d08143dd2dacdf673c{\nborder-radius:0px 0px 0px 0px;\npadding:0px 0px 0px 0px;\n}\n<\/style>\n<div  class='flex_column av-av_one_full-6126cab7d8fab8d08143dd2dacdf673c av_one_full  avia-builder-el-9  el_after_av_hr  avia-builder-el-last  first flex_column_div av-zero-column-padding  '     ><div  id=\"av-sc-portfolio-1\"  class=\"av-portfolio-grid-sorting-container\"><div class='sort_width_container  av-sort-yes' data-portfolio-id='1' ><div id='js_sort_items' ><div class='sort_by_cat hidden'><a href=\"#\" data-filter=\"all_sort\" class=\"all_sort_button active_sort\"><span class=\"inner_sort_button\"><span>Tout<\/span><small class=\"av-cat-count\"> 5 <\/small><\/span><\/a><span class=\"text-sep ic-fr_sort_sep\">\/<\/span><a href=\"#\" data-filter=\"ic-fr_sort\" class=\"ic-fr_sort_button\" ><span class=\"inner_sort_button\"><span>IC<\/span><small class=\"av-cat-count\"> 5 <\/small><\/span><\/a><\/div><\/div><\/div><div  class=' grid-sort-container isotope   no_margin-container with-excerpt-container grid-total-odd grid-col-4 grid-links-' data-portfolio-id='1'><div data-ajax-id='17052' class=' grid-entry flex_column isotope-item all_sort no_margin post-entry post-entry-17052 grid-entry-overview grid-loop-1 grid-parity-odd  autre-fr_sort ic-fr_sort  av_one_fourth first default_av_fullwidth '><article class='main_color inner-entry'  itemscope=\"itemscope\" itemtype=\"https:\/\/schema.org\/CreativeWork\" ><a href=\"https:\/\/ljdevice.com.tw\/fr\/portfolio-item\/ap4439gm\/\" title='AP4439GM'  data-rel='grid-1' class='grid-image avia-hover-fx'> <img decoding=\"async\" fetchpriority=\"high\" width=\"260\" height=\"185\" src=\"https:\/\/ljdevice.com.tw\/wp-content\/uploads\/2021\/01\/AP4439GM-260x185.jpg\" class=\"wp-image-17048 avia-img-lazy-loading-not-17048 attachment-portfolio_small size-portfolio_small wp-post-image\" alt=\"\" \/><\/a><div class='grid-content'><div class='avia-arrow'><\/div><header class=\"entry-content-header\" aria-label=\"Portfolio: AP4439GM\"><h3 class='grid-entry-title entry-title '  itemprop=\"headline\" ><a href='https:\/\/ljdevice.com.tw\/fr\/portfolio-item\/ap4439gm\/' title='AP4439GM'>AP4439GM<\/a><\/h3><\/header><\/div><footer class=\"entry-footer\"><\/footer><\/article><\/div><div data-ajax-id='16951' class=' grid-entry flex_column isotope-item all_sort no_margin post-entry post-entry-16951 grid-entry-overview grid-loop-2 grid-parity-even  ic-fr_sort ic-inventaire-fr_sort inventaire-fr_sort mcu-fr_sort  av_one_fourth  default_av_fullwidth '><article class='main_color inner-entry'  itemscope=\"itemscope\" itemtype=\"https:\/\/schema.org\/CreativeWork\" ><a href=\"https:\/\/ljdevice.com.tw\/fr\/portfolio-item\/wt50f6\/\" title='WT50F6'  data-rel='grid-1' class='grid-image avia-hover-fx'> <img decoding=\"async\" fetchpriority=\"high\" width=\"260\" height=\"185\" src=\"https:\/\/ljdevice.com.tw\/wp-content\/uploads\/2017\/06\/WT50T6-1-260x185.jpg\" class=\"wp-image-3646 avia-img-lazy-loading-not-3646 attachment-portfolio_small size-portfolio_small wp-post-image\" alt=\"\" \/><\/a><div class='grid-content'><div class='avia-arrow'><\/div><header class=\"entry-content-header\" aria-label=\"Portfolio: WT50F6\"><h3 class='grid-entry-title entry-title '  itemprop=\"headline\" ><a href='https:\/\/ljdevice.com.tw\/fr\/portfolio-item\/wt50f6\/' title='WT50F6'>WT50F6<\/a><\/h3><\/header><\/div><footer class=\"entry-footer\"><\/footer><\/article><\/div><div data-ajax-id='16956' class=' grid-entry flex_column isotope-item all_sort no_margin post-entry post-entry-16956 grid-entry-overview grid-loop-3 grid-parity-odd  autre-fr_sort ic-fr_sort  av_one_fourth  default_av_fullwidth '><article class='main_color inner-entry'  itemscope=\"itemscope\" itemtype=\"https:\/\/schema.org\/CreativeWork\" ><a href=\"https:\/\/ljdevice.com.tw\/fr\/portfolio-item\/wt274c\/\" title='WT274C'  data-rel='grid-1' class='grid-image avia-hover-fx'> <img decoding=\"async\" fetchpriority=\"high\" width=\"260\" height=\"185\" src=\"https:\/\/ljdevice.com.tw\/wp-content\/uploads\/2017\/04\/WT274C-1-260x185.jpg\" class=\"wp-image-3278 avia-img-lazy-loading-not-3278 attachment-portfolio_small size-portfolio_small wp-post-image\" alt=\"\" \/><\/a><div class='grid-content'><div class='avia-arrow'><\/div><header class=\"entry-content-header\" aria-label=\"Portfolio: WT274C\"><h3 class='grid-entry-title entry-title '  itemprop=\"headline\" ><a href='https:\/\/ljdevice.com.tw\/fr\/portfolio-item\/wt274c\/' title='WT274C'>WT274C<\/a><\/h3><\/header><\/div><footer class=\"entry-footer\"><\/footer><\/article><\/div><div data-ajax-id='16959' class=' grid-entry flex_column isotope-item all_sort no_margin post-entry post-entry-16959 grid-entry-overview grid-loop-4 grid-parity-even  decoder-ic-fr_sort ic-fr_sort  av_one_fourth  default_av_fullwidth '><article class='main_color inner-entry'  itemscope=\"itemscope\" itemtype=\"https:\/\/schema.org\/CreativeWork\" ><a href=\"https:\/\/ljdevice.com.tw\/fr\/portfolio-item\/gj9522p\/\" title='GJ9522P'  data-rel='grid-1' class='grid-image avia-hover-fx'> <img decoding=\"async\" fetchpriority=\"high\" width=\"260\" height=\"185\" src=\"https:\/\/ljdevice.com.tw\/wp-content\/uploads\/2017\/04\/GJ9522P-3-260x185.jpg\" class=\"wp-image-3273 avia-img-lazy-loading-not-3273 attachment-portfolio_small size-portfolio_small wp-post-image\" alt=\"\" \/><\/a><div class='grid-content'><div class='avia-arrow'><\/div><header class=\"entry-content-header\" aria-label=\"Portfolio: GJ9522P\"><h3 class='grid-entry-title entry-title '  itemprop=\"headline\" ><a href='https:\/\/ljdevice.com.tw\/fr\/portfolio-item\/gj9522p\/' title='GJ9522P'>GJ9522P<\/a><\/h3><\/header><\/div><footer class=\"entry-footer\"><\/footer><\/article><\/div><div data-ajax-id='16964' class=' grid-entry flex_column isotope-item all_sort no_margin post-entry post-entry-16964 grid-entry-overview grid-loop-5 grid-parity-odd  post-entry-last  decoder-ic-fr_sort ic-fr_sort  av_one_fourth first default_av_fullwidth '><article class='main_color inner-entry'  itemscope=\"itemscope\" itemtype=\"https:\/\/schema.org\/CreativeWork\" ><a href=\"https:\/\/ljdevice.com.tw\/fr\/portfolio-item\/cic92800\/\" title='CIC92800'  data-rel='grid-1' class='grid-image avia-hover-fx'> <img decoding=\"async\" fetchpriority=\"high\" width=\"260\" height=\"185\" src=\"https:\/\/ljdevice.com.tw\/wp-content\/uploads\/2017\/04\/CIC92800-3-260x185.jpg\" class=\"wp-image-3268 avia-img-lazy-loading-not-3268 attachment-portfolio_small size-portfolio_small wp-post-image\" alt=\"\" \/><\/a><div class='grid-content'><div class='avia-arrow'><\/div><header class=\"entry-content-header\" aria-label=\"Portfolio: CIC92800\"><h3 class='grid-entry-title entry-title '  itemprop=\"headline\" ><a href='https:\/\/ljdevice.com.tw\/fr\/portfolio-item\/cic92800\/' title='CIC92800'>CIC92800<\/a><\/h3><\/header><\/div><footer class=\"entry-footer\"><\/footer><\/article><\/div><\/div><\/div>   <!--   class=\"av-portfolio-grid-sorting-container\"  --><\/div><\/div><\/div><\/div><!-- close content main div --><\/div><\/div><div id='after_section_1'  class='main_color av_default_container_wrap container_wrap sidebar_right'  ><div class='container av-section-cont-open' ><div class='template-page content  av-content-small alpha units'><div class='post-entry post-entry-type-page post-entry-14107'><div class='entry-content-wrapper clearfix'>\n","protected":false},"excerpt":{"rendered":"","protected":false},"author":10,"featured_media":0,"parent":14055,"menu_order":1,"comment_status":"closed","ping_status":"closed","template":"","meta":{"footnotes":""},"class_list":["post-14107","page","type-page","status-publish","hentry"],"_links":{"self":[{"href":"https:\/\/ljdevice.com.tw\/fr\/wp-json\/wp\/v2\/pages\/14107","targetHints":{"allow":["GET"]}}],"collection":[{"href":"https:\/\/ljdevice.com.tw\/fr\/wp-json\/wp\/v2\/pages"}],"about":[{"href":"https:\/\/ljdevice.com.tw\/fr\/wp-json\/wp\/v2\/types\/page"}],"author":[{"embeddable":true,"href":"https:\/\/ljdevice.com.tw\/fr\/wp-json\/wp\/v2\/users\/10"}],"replies":[{"embeddable":true,"href":"https:\/\/ljdevice.com.tw\/fr\/wp-json\/wp\/v2\/comments?post=14107"}],"version-history":[{"count":5,"href":"https:\/\/ljdevice.com.tw\/fr\/wp-json\/wp\/v2\/pages\/14107\/revisions"}],"predecessor-version":[{"id":16431,"href":"https:\/\/ljdevice.com.tw\/fr\/wp-json\/wp\/v2\/pages\/14107\/revisions\/16431"}],"up":[{"embeddable":true,"href":"https:\/\/ljdevice.com.tw\/fr\/wp-json\/wp\/v2\/pages\/14055"}],"wp:attachment":[{"href":"https:\/\/ljdevice.com.tw\/fr\/wp-json\/wp\/v2\/media?parent=14107"}],"curies":[{"name":"wp","href":"https:\/\/api.w.org\/{rel}","templated":true}]}}