{"id":14080,"date":"2017-03-02T12:29:52","date_gmt":"2017-03-02T04:29:52","guid":{"rendered":"https:\/\/ljdevice.com.tw\/%e5%85%ac%e5%8f%b8%e7%b0%a1%e4%bb%8b\/%e5%85%ac%e5%8f%b8%e6%b2%bf%e9%9d%a9\/"},"modified":"2021-01-04T10:58:15","modified_gmt":"2021-01-04T02:58:15","slug":"%e5%85%ac%e5%8f%b8%e6%b2%bf%e9%9d%a9","status":"publish","type":"page","link":"https:\/\/ljdevice.com.tw\/fr\/a-propos-de-lj-devices\/%e5%85%ac%e5%8f%b8%e6%b2%bf%e9%9d%a9\/","title":{"rendered":"Histoire"},"content":{"rendered":"<div id='full_slider_1'  class='avia-fullwidth-slider main_color avia-shadow   avia-builder-el-0  el_before_av_layout_row  avia-builder-el-first   container_wrap sidebar_right'  >\n<style type=\"text\/css\" data-created_by=\"avia_inline_auto\" id=\"style-css-av-av_slideshow_full-2aa8aa9fe0f1283f963bf6d02a8ec7c8\">\n#top #wrap_all .avia-slideshow .av-slideshow-caption.av-av_slideshow_full-2aa8aa9fe0f1283f963bf6d02a8ec7c8__0 .avia-caption-title{\nfont-size:55px;\n}\n<\/style>\n<div  class='avia-slideshow av-av_slideshow_full-2aa8aa9fe0f1283f963bf6d02a8ec7c8 avia-slideshow-no scaling av_slideshow_full avia-fade-slider av-slideshow-ui av-control-default av-slideshow-manual av-loop-once av-loop-manual-endless av-default-height-applied   avia-slideshow-1' data-slideshow-options=\"{&quot;animation&quot;:&quot;fade&quot;,&quot;autoplay&quot;:false,&quot;loop_autoplay&quot;:&quot;once&quot;,&quot;interval&quot;:5,&quot;loop_manual&quot;:&quot;manual-endless&quot;,&quot;autoplay_stopper&quot;:false,&quot;noNavigation&quot;:false,&quot;bg_slider&quot;:false,&quot;keep_padding&quot;:false,&quot;hoverpause&quot;:false,&quot;show_slide_delay&quot;:0}\"  itemprop=\"image\" itemscope=\"itemscope\" itemtype=\"https:\/\/schema.org\/ImageObject\" ><ul class='avia-slideshow-inner ' style='padding-bottom: 16.666666666667%;'><li  class='avia-slideshow-slide av-av_slideshow_full-2aa8aa9fe0f1283f963bf6d02a8ec7c8__0  av-single-slide slide-1 slide-odd'><div data-rel='slideshow-1' class='avia-slide-wrap '   ><div class='av-slideshow-caption av-av_slideshow_full-2aa8aa9fe0f1283f963bf6d02a8ec7c8__0 caption_fullwidth caption_center'><div class=\"container caption_container\"><div class=\"slideshow_caption\"><div class=\"slideshow_inner_caption\"><div class=\"slideshow_align_caption\"><h2 class='avia-caption-title '  itemprop=\"name\" >Histoire<\/h2><\/div><\/div><\/div><\/div><\/div><img decoding=\"async\" fetchpriority=\"high\" class=\"wp-image-27397 avia-img-lazy-loading-not-27397\"  src=\"https:\/\/ljdevice.com.tw\/wp-content\/uploads\/2014\/10\/01.jpg\" width=\"1500\" height=\"250\" title='\u5716\u7247\u6a19\u984c' alt=''  itemprop=\"thumbnailUrl\" srcset=\"https:\/\/ljdevice.com.tw\/wp-content\/uploads\/2014\/10\/01.jpg 1500w, https:\/\/ljdevice.com.tw\/wp-content\/uploads\/2014\/10\/01-300x50.jpg 300w, https:\/\/ljdevice.com.tw\/wp-content\/uploads\/2014\/10\/01-768x128.jpg 768w, https:\/\/ljdevice.com.tw\/wp-content\/uploads\/2014\/10\/01-1030x172.jpg 1030w, https:\/\/ljdevice.com.tw\/wp-content\/uploads\/2014\/10\/01-705x118.jpg 705w, https:\/\/ljdevice.com.tw\/wp-content\/uploads\/2014\/10\/01-450x75.jpg 450w\" sizes=\"(max-width: 1500px) 100vw, 1500px\" \/><\/div><\/li><\/ul><\/div><\/div>\n<div id='av-layout-grid-1'  class='av-layout-grid-container av-av_layout_row-caf1f26e08707a2ebe9176b630e736c2 entry-content-wrapper main_color av-flex-cells  avia-builder-el-1  el_after_av_slideshow_full  el_before_av_submenu  grid-row-not-first  container_wrap sidebar_right'  >\n\n<style type=\"text\/css\" data-created_by=\"avia_inline_auto\" id=\"style-css-av-av_cell_one_full-ce883d7f3812b7ccd17886f833202aa8\">\n.flex_cell.av-av_cell_one_full-ce883d7f3812b7ccd17886f833202aa8{\nvertical-align:top;\nbackground-color:#289528;\n}\n.responsive #top #wrap_all .flex_cell.av-av_cell_one_full-ce883d7f3812b7ccd17886f833202aa8{\npadding:3px 3px 3px 3px !important;\n}\n<\/style>\n<div class='flex_cell av-av_cell_one_full-ce883d7f3812b7ccd17886f833202aa8 av-gridrow-cell av_one_full no_margin  avia-builder-el-2  avia-builder-el-no-sibling '  ><div class='flex_cell_inner'><\/div><\/div>\n<\/div>\n<div class='clear'><\/div><div id='sub_menu1'  class='av-submenu-container av-av_submenu-745e7f52cbfe385543659110aa7e1838 main_color  avia-builder-el-3  el_after_av_layout_row  el_before_av_section  av-sticky-submenu submenu-not-first container_wrap sidebar_right' style='z-index:301' ><div class='container av-menu-mobile-disabled av-submenu-pos-center'><ul id='av-custom-submenu-1' class='av-subnav-menu' role='menu'>\n<li class='menu-item av-av_submenu_item-d8ce8a96c00c72abcaa1cd7f64baa3ea menu-item-top-level menu-item-top-level-1' role='menuitem'><a href='https:\/\/ljdevice.com.tw\/fr\/a-propos-de-lj-devices\/profil\/'  ><span class='avia-bullet'><\/span><span class='avia-menu-text'>Profil<\/span><\/a><\/li>\n<li class='menu-item av-av_submenu_item-88341002450d6fa77ee7092a9492c56d menu-item-top-level menu-item-top-level-2' role='menuitem'><a href='https:\/\/ljdevice.com.tw\/fr\/a-propos-de-lj-devices\/%e5%85%ac%e5%8f%b8%e6%b2%bf%e9%9d%a9\/'  ><span class='avia-bullet'><\/span><span class='avia-menu-text'>Histoire<\/span><\/a><\/li>\n<li class='menu-item av-av_submenu_item-c41ba1dd40f847b62a50e3a52b578729 menu-item-top-level menu-item-top-level-3' role='menuitem'><a href='https:\/\/ljdevice.com.tw\/fr\/a-propos-de-lj-devices\/%e5%85%ac%e5%8f%b8%e7%b5%84%e7%b9%94%e5%9c%96\/'  ><span class='avia-bullet'><\/span><span class='avia-menu-text'>Entreprise<\/span><\/a><\/li>\n<li class='menu-item av-av_submenu_item-c9e7d5a1ff2d9831c9e5a25a1923b699 menu-item-top-level menu-item-top-level-4' role='menuitem'><a href='https:\/\/ljdevice.com.tw\/fr\/a-propos-de-lj-devices\/certifications\/'  ><span class='avia-bullet'><\/span><span class='avia-menu-text'>Certifications<\/span><\/a><\/li>\n<\/ul><\/div><\/div><div class='sticky_placeholder'><\/div>\n<div id='av_section_1'  class='avia-section av-av_section-1c6c2555841528b1825f9cc1964bd443 main_color avia-section-large avia-no-border-styling  avia-builder-el-4  el_after_av_submenu  avia-builder-el-last  avia-bg-style-scroll container_wrap sidebar_right'  ><div class='container av-section-cont-open' ><div class='template-page content  av-content-small alpha units'><div class='post-entry post-entry-type-page post-entry-14080'><div class='entry-content-wrapper clearfix'>\n\n<style type=\"text\/css\" data-created_by=\"avia_inline_auto\" id=\"style-css-av-av_one_fifth-6126cab7d8fab8d08143dd2dacdf673c\">\n.flex_column.av-av_one_fifth-6126cab7d8fab8d08143dd2dacdf673c{\nborder-radius:0px 0px 0px 0px;\npadding:0px 0px 0px 0px;\n}\n<\/style>\n<div  class='flex_column av-av_one_fifth-6126cab7d8fab8d08143dd2dacdf673c av_one_fifth  avia-builder-el-5  el_before_av_three_fifth  avia-builder-el-first  first flex_column_div av-zero-column-padding  '     ><\/div>\n<style type=\"text\/css\" data-created_by=\"avia_inline_auto\" id=\"style-css-av-av_three_fifth-0aa7055fe62c3622faec82866afbaeb2\">\n.flex_column.av-av_three_fifth-0aa7055fe62c3622faec82866afbaeb2{\nborder-radius:0px 0px 0px 0px;\npadding:0px 0px 0px 0px;\n}\n<\/style>\n<div  class='flex_column av-av_three_fifth-0aa7055fe62c3622faec82866afbaeb2 av_three_fifth  avia-builder-el-6  el_after_av_one_fifth  el_before_av_one_fifth  flex_column_div av-zero-column-padding  '     ><div class='avia-data-table-wrap av-av_table-8c11dfe0fc305e35c77a3f394808e89e avia_responsive_table avia-table-1'><table  class='avia-table avia-data-table avia_pricing_default  avia-builder-el-7  avia-builder-el-no-sibling '  itemscope=\"itemscope\" itemtype=\"https:\/\/schema.org\/Table\" ><tbody><tr class=''><td class='avia-center-col'>2016<\/td><td class=''>A pass\u00e9 la certification ISO9001: 2015<\/td><\/tr><tr class=''><td class='avia-center-col'>2015<\/td><td class=''>D\u00e9veloppement d&#8217;un module de communication 3G pour l&#8217;IoT<\/td><\/tr><tr class=''><td class='avia-center-col'>2014<\/td><td class=''>Introduction de la version en ligne du syst\u00e8me CRM (Customer Relationship Processing) et mise en place d&#8217;une plateforme pour la synchronisation des informations de traitement de la relation client entre le continent, Taiwan et Hong Kong<\/td><\/tr><tr class=''><td class='avia-center-col'>2013<\/td><td class=''>Ach\u00e8vement de la puissance mobile 4 en 1 IC<br \/>\nAgir pour la vente de puces LED AC<\/td><\/tr><tr class=''><td class='avia-center-col'>2012<\/td><td class=''>D\u00e9veloppement d&#8217;un circuit int\u00e9gr\u00e9 de protection secondaire pour batterie au lithium<br \/>\nAgent commercial CFN IC de Weltrend<\/td><\/tr><tr class=''><td class='avia-center-col'>2011<\/td><td class=''>A remport\u00e9 le prix &#8220;The 4th 100 MVP Manager&#8221; du Manager Monthly<br \/>\nImportez un ERP r\u00e9seau pour synchroniser les op\u00e9rations d&#8217;information dans le d\u00e9troit de Taiwan<\/td><\/tr><tr class=''><td class='avia-center-col'>2010<\/td><td class=''>D\u00e9veloppement termin\u00e9 du casque sans fil num\u00e9rique 2.4G, microphone, module de haut-parleur<\/td><\/tr><tr class=''><td class='avia-center-col'>2009<\/td><td class=''>D\u00e9veloppement d&#8217;un circuit int\u00e9gr\u00e9 de protection parall\u00e8le \u00e0 une cha\u00eene et \u00e0 plusieurs cha\u00eenes de batterie au lithium<\/td><\/tr><tr class=''><td class='avia-center-col'>2008<\/td><td class=''> Introduction du syst\u00e8me d&#8217;exploitation marketing de la plateforme Global Trading Network<br \/>\nCr\u00e9ation d&#8217;une soci\u00e9t\u00e9 li\u00e9e \u00e0 Shenzhen, en Chine<\/td><\/tr><tr class=''><td class='avia-center-col'>2007<\/td><td class=''>A pass\u00e9 la certification du syst\u00e8me qualit\u00e9 ISO9001<\/td><\/tr><tr class=''><td class='avia-center-col'>2006<\/td><td class=''> Ouverture r\u00e9ussie de clients d&#8217;applications IC de communication sans fil \u00e0 Hong Kong, en Chine, \u00e0 Singapour et en Cor\u00e9e du Sud<\/td><\/tr><tr class=''><td class='avia-center-col'>2005<\/td><td class=''>D\u00e9veloppement r\u00e9ussi du march\u00e9 des batteries d&#8217;ordinateurs portables aux \u00c9tats-Unis et en Inde<\/td><\/tr><tr class=''><td class='avia-center-col'>2004<\/td><td class=''>D\u00e9velopper un codec IC pour la communication sans fil personnelle<\/td><\/tr><tr class=''><td class='avia-center-col'>2003<\/td><td class=''> Investissement dans Qianrui Technology Co., Ltd.pour produire, d\u00e9velopper et vendre des batteries d&#8217;ordinateurs portables<\/td><\/tr><tr class=''><td class='avia-center-col'>2002<\/td><td class=''>Investissement dans l&#8217;usine de traitement de pulv\u00e9risation sous vide et de durcissement des surfaces plastiques de la soci\u00e9t\u00e9 Guanyu (Stock)<br \/>\nInvestir dans l&#8217;usine chinoise de moteurs \u00e0 vibrations<\/td><\/tr><tr class=''><td class='avia-center-col'>2001<\/td><td class=''>Agissant en tant qu&#8217;agent pour Wei Chuan Electronics Co., Ltd. dans les ventes de MCU et de d\u00e9codage IC<\/td><\/tr><tr class=''><td class='avia-center-col'>2000<\/td><td class=''>Repr\u00e9sentation des ventes des produits opto\u00e9lectroniques AXT &amp; Demeter aux \u00c9tats-Unis<\/td><\/tr><tr class=''><td class='avia-center-col'>1999<\/td><td class=''>Distribution du MCU (Micro Central Processing Unit) de HITACHI Semiconductor, combin\u00e9 \u00e0 la conception et \u00e0 l&#8217;application de logiciels<\/td><\/tr><tr class=''><td class='avia-center-col'>1998<\/td><td class=''> Coop\u00e9ration avec Jinjie Company pour d\u00e9velopper un programme de t\u00e9l\u00e9avertisseur 2 en 1 personnalis\u00e9<\/td><\/tr><tr class=''><td class='avia-center-col'>1997<\/td><td class=''>A agi en tant qu&#8217;agent pour la vente de produits \u00e9lectroniques \/ moteurs de Korea Daesung Electric Company<\/td><\/tr><tr class=''><td class='avia-center-col'>1996<\/td><td class=''>Agit en tant qu&#8217;agent de la soci\u00e9t\u00e9 Ginjet pour d\u00e9coder les ventes de circuits int\u00e9gr\u00e9s<br \/>\nAgissant en tant qu&#8217;agent pour les ventes de moteurs progressifs, moteurs \u00e0 vibrations &#8230; etc.<\/td><\/tr><tr class=''><td class='avia-center-col'>1995<\/td><td class=''>soci\u00e9t\u00e9 \u00e9tablie<\/td><\/tr><\/tbody><\/table><\/div><\/div>\n<style type=\"text\/css\" data-created_by=\"avia_inline_auto\" id=\"style-css-av-av_one_fifth-0aa7055fe62c3622faec82866afbaeb2\">\n.flex_column.av-av_one_fifth-0aa7055fe62c3622faec82866afbaeb2{\nborder-radius:0px 0px 0px 0px;\npadding:0px 0px 0px 0px;\n}\n<\/style>\n<div  class='flex_column av-av_one_fifth-0aa7055fe62c3622faec82866afbaeb2 av_one_fifth  avia-builder-el-8  el_after_av_three_fifth  avia-builder-el-last  flex_column_div av-zero-column-padding  '     ><\/div><\/div><\/div><\/div><!-- close content main div --><\/div><\/div><div id='after_section_1'  class='main_color av_default_container_wrap container_wrap sidebar_right'  ><div class='container av-section-cont-open' ><div class='template-page content  av-content-small alpha units'><div class='post-entry post-entry-type-page post-entry-14080'><div class='entry-content-wrapper clearfix'>\n","protected":false},"excerpt":{"rendered":"","protected":false},"author":10,"featured_media":0,"parent":14056,"menu_order":2,"comment_status":"closed","ping_status":"closed","template":"","meta":{"footnotes":""},"class_list":["post-14080","page","type-page","status-publish","hentry"],"_links":{"self":[{"href":"https:\/\/ljdevice.com.tw\/fr\/wp-json\/wp\/v2\/pages\/14080","targetHints":{"allow":["GET"]}}],"collection":[{"href":"https:\/\/ljdevice.com.tw\/fr\/wp-json\/wp\/v2\/pages"}],"about":[{"href":"https:\/\/ljdevice.com.tw\/fr\/wp-json\/wp\/v2\/types\/page"}],"author":[{"embeddable":true,"href":"https:\/\/ljdevice.com.tw\/fr\/wp-json\/wp\/v2\/users\/10"}],"replies":[{"embeddable":true,"href":"https:\/\/ljdevice.com.tw\/fr\/wp-json\/wp\/v2\/comments?post=14080"}],"version-history":[{"count":4,"href":"https:\/\/ljdevice.com.tw\/fr\/wp-json\/wp\/v2\/pages\/14080\/revisions"}],"predecessor-version":[{"id":16389,"href":"https:\/\/ljdevice.com.tw\/fr\/wp-json\/wp\/v2\/pages\/14080\/revisions\/16389"}],"up":[{"embeddable":true,"href":"https:\/\/ljdevice.com.tw\/fr\/wp-json\/wp\/v2\/pages\/14056"}],"wp:attachment":[{"href":"https:\/\/ljdevice.com.tw\/fr\/wp-json\/wp\/v2\/media?parent=14080"}],"curies":[{"name":"wp","href":"https:\/\/api.w.org\/{rel}","templated":true}]}}