{"id":14077,"date":"2014-10-20T11:30:08","date_gmt":"2014-10-20T03:30:08","guid":{"rendered":"https:\/\/ljdevice.com.tw\/%e5%85%ac%e5%8f%b8%e7%b0%a1%e4%bb%8b\/%e5%85%ac%e5%8f%b8%e4%bb%8b%e7%b4%b9\/"},"modified":"2021-03-02T17:48:34","modified_gmt":"2021-03-02T09:48:34","slug":"profil","status":"publish","type":"page","link":"https:\/\/ljdevice.com.tw\/fr\/a-propos-de-lj-devices\/profil\/","title":{"rendered":"Profil"},"content":{"rendered":"<div id='full_slider_1'  class='avia-fullwidth-slider main_color avia-shadow   avia-builder-el-0  el_before_av_layout_row  avia-builder-el-first   container_wrap sidebar_right'  >\n<style type=\"text\/css\" data-created_by=\"avia_inline_auto\" id=\"style-css-av-av_slideshow_full-2aa8aa9fe0f1283f963bf6d02a8ec7c8\">\n#top #wrap_all .avia-slideshow .av-slideshow-caption.av-av_slideshow_full-2aa8aa9fe0f1283f963bf6d02a8ec7c8__0 .avia-caption-title{\nfont-size:55px;\n}\n<\/style>\n<div  class='avia-slideshow av-av_slideshow_full-2aa8aa9fe0f1283f963bf6d02a8ec7c8 avia-slideshow-no scaling av_slideshow_full avia-fade-slider av-slideshow-ui av-control-default av-slideshow-manual av-loop-once av-loop-manual-endless av-default-height-applied   avia-slideshow-1' data-slideshow-options=\"{&quot;animation&quot;:&quot;fade&quot;,&quot;autoplay&quot;:false,&quot;loop_autoplay&quot;:&quot;once&quot;,&quot;interval&quot;:5,&quot;loop_manual&quot;:&quot;manual-endless&quot;,&quot;autoplay_stopper&quot;:false,&quot;noNavigation&quot;:false,&quot;bg_slider&quot;:false,&quot;keep_padding&quot;:false,&quot;hoverpause&quot;:false,&quot;show_slide_delay&quot;:0}\"  itemprop=\"image\" itemscope=\"itemscope\" itemtype=\"https:\/\/schema.org\/ImageObject\" ><ul class='avia-slideshow-inner ' style='padding-bottom: 16.666666666667%;'><li  class='avia-slideshow-slide av-av_slideshow_full-2aa8aa9fe0f1283f963bf6d02a8ec7c8__0  av-single-slide slide-1 slide-odd'><div data-rel='slideshow-1' class='avia-slide-wrap '   ><div class='av-slideshow-caption av-av_slideshow_full-2aa8aa9fe0f1283f963bf6d02a8ec7c8__0 caption_fullwidth caption_center'><div class=\"container caption_container\"><div class=\"slideshow_caption\"><div class=\"slideshow_inner_caption\"><div class=\"slideshow_align_caption\"><h2 class='avia-caption-title '  itemprop=\"name\" >Profil<\/h2><\/div><\/div><\/div><\/div><\/div><img decoding=\"async\" fetchpriority=\"high\" class=\"wp-image-27397 avia-img-lazy-loading-not-27397\"  src=\"https:\/\/ljdevice.com.tw\/wp-content\/uploads\/2014\/10\/01.jpg\" width=\"1500\" height=\"250\" title='\u5716\u7247\u6a19\u984c' alt=''  itemprop=\"thumbnailUrl\" srcset=\"https:\/\/ljdevice.com.tw\/wp-content\/uploads\/2014\/10\/01.jpg 1500w, https:\/\/ljdevice.com.tw\/wp-content\/uploads\/2014\/10\/01-300x50.jpg 300w, https:\/\/ljdevice.com.tw\/wp-content\/uploads\/2014\/10\/01-768x128.jpg 768w, https:\/\/ljdevice.com.tw\/wp-content\/uploads\/2014\/10\/01-1030x172.jpg 1030w, https:\/\/ljdevice.com.tw\/wp-content\/uploads\/2014\/10\/01-705x118.jpg 705w, https:\/\/ljdevice.com.tw\/wp-content\/uploads\/2014\/10\/01-450x75.jpg 450w\" sizes=\"(max-width: 1500px) 100vw, 1500px\" \/><\/div><\/li><\/ul><\/div><\/div>\n<div id='av-layout-grid-1'  class='av-layout-grid-container av-av_layout_row-caf1f26e08707a2ebe9176b630e736c2 entry-content-wrapper main_color av-flex-cells  avia-builder-el-1  el_after_av_slideshow_full  el_before_av_submenu  grid-row-not-first  container_wrap sidebar_right'  >\n\n<style type=\"text\/css\" data-created_by=\"avia_inline_auto\" id=\"style-css-av-av_cell_one_full-ce883d7f3812b7ccd17886f833202aa8\">\n.flex_cell.av-av_cell_one_full-ce883d7f3812b7ccd17886f833202aa8{\nvertical-align:top;\nbackground-color:#289528;\n}\n.responsive #top #wrap_all .flex_cell.av-av_cell_one_full-ce883d7f3812b7ccd17886f833202aa8{\npadding:3px 3px 3px 3px !important;\n}\n<\/style>\n<div class='flex_cell av-av_cell_one_full-ce883d7f3812b7ccd17886f833202aa8 av-gridrow-cell av_one_full no_margin  avia-builder-el-2  avia-builder-el-no-sibling '  ><div class='flex_cell_inner'><\/div><\/div>\n<\/div>\n<div class='clear'><\/div><div id='sub_menu1'  class='av-submenu-container av-av_submenu-745e7f52cbfe385543659110aa7e1838 main_color  avia-builder-el-3  el_after_av_layout_row  el_before_av_section  av-sticky-submenu submenu-not-first container_wrap sidebar_right' style='z-index:301' ><div class='container av-menu-mobile-disabled av-submenu-pos-center'><ul id='av-custom-submenu-1' class='av-subnav-menu' role='menu'>\n<li class='menu-item av-av_submenu_item-d8ce8a96c00c72abcaa1cd7f64baa3ea menu-item-top-level menu-item-top-level-1' role='menuitem'><a href='https:\/\/ljdevice.com.tw\/fr\/a-propos-de-lj-devices\/profil\/'  ><span class='avia-bullet'><\/span><span class='avia-menu-text'>Profil<\/span><\/a><\/li>\n<li class='menu-item av-av_submenu_item-88341002450d6fa77ee7092a9492c56d menu-item-top-level menu-item-top-level-2' role='menuitem'><a href='https:\/\/ljdevice.com.tw\/fr\/a-propos-de-lj-devices\/%e5%85%ac%e5%8f%b8%e6%b2%bf%e9%9d%a9\/'  ><span class='avia-bullet'><\/span><span class='avia-menu-text'>Histoire<\/span><\/a><\/li>\n<li class='menu-item av-av_submenu_item-c41ba1dd40f847b62a50e3a52b578729 menu-item-top-level menu-item-top-level-3' role='menuitem'><a href='https:\/\/ljdevice.com.tw\/fr\/a-propos-de-lj-devices\/%e5%85%ac%e5%8f%b8%e7%b5%84%e7%b9%94%e5%9c%96\/'  ><span class='avia-bullet'><\/span><span class='avia-menu-text'>Entreprise<\/span><\/a><\/li>\n<li class='menu-item av-av_submenu_item-c9e7d5a1ff2d9831c9e5a25a1923b699 menu-item-top-level menu-item-top-level-4' role='menuitem'><a href='https:\/\/ljdevice.com.tw\/fr\/a-propos-de-lj-devices\/certifications\/'  ><span class='avia-bullet'><\/span><span class='avia-menu-text'>Certifications<\/span><\/a><\/li>\n<\/ul><\/div><\/div><div class='sticky_placeholder'><\/div>\n<div id='av_section_1'  class='avia-section av-av_section-1c6c2555841528b1825f9cc1964bd443 main_color avia-section-large avia-no-border-styling  avia-builder-el-4  el_after_av_submenu  el_before_av_section  avia-bg-style-scroll container_wrap sidebar_right'  ><div class='container av-section-cont-open' ><div class='template-page content  av-content-small alpha units'><div class='post-entry post-entry-type-page post-entry-14077'><div class='entry-content-wrapper clearfix'>\n\n<style type=\"text\/css\" data-created_by=\"avia_inline_auto\" id=\"style-css-av-av_two_fifth-6126cab7d8fab8d08143dd2dacdf673c\">\n.flex_column.av-av_two_fifth-6126cab7d8fab8d08143dd2dacdf673c{\nborder-radius:0px 0px 0px 0px;\npadding:0px 0px 0px 0px;\n}\n<\/style>\n<div  class='flex_column av-av_two_fifth-6126cab7d8fab8d08143dd2dacdf673c av_two_fifth  avia-builder-el-5  el_before_av_three_fifth  avia-builder-el-first  first flex_column_div av-zero-column-padding  '     ><style type=\"text\/css\" data-created_by=\"avia_inline_auto\" id=\"style-css-av-av_image-8c56c0d8c861ac4795ee818a5a4754b7\">\n.avia-image-container.av-av_image-8c56c0d8c861ac4795ee818a5a4754b7 img.avia_image{\nbox-shadow:none;\n}\n.avia-image-container.av-av_image-8c56c0d8c861ac4795ee818a5a4754b7 .av-image-caption-overlay-center{\ncolor:#ffffff;\n}\n<\/style>\n<div  class='avia-image-container av-av_image-8c56c0d8c861ac4795ee818a5a4754b7 av-styling- avia-align-center  avia-builder-el-6  avia-builder-el-no-sibling '   itemprop=\"image\" itemscope=\"itemscope\" itemtype=\"https:\/\/schema.org\/ImageObject\" ><div class=\"avia-image-container-inner\"><div class=\"avia-image-overlay-wrap\"><img decoding=\"async\" fetchpriority=\"high\" class='wp-image-27364 avia-img-lazy-loading-not-27364 avia_image ' src=\"https:\/\/ljdevice.com.tw\/wp-content\/uploads\/2017\/03\/logo.png\" alt='' title='logo'  height=\"300\" width=\"298\"  itemprop=\"thumbnailUrl\" srcset=\"https:\/\/ljdevice.com.tw\/wp-content\/uploads\/2017\/03\/logo.png 298w, https:\/\/ljdevice.com.tw\/wp-content\/uploads\/2017\/03\/logo-80x80.png 80w, https:\/\/ljdevice.com.tw\/wp-content\/uploads\/2017\/03\/logo-199x200.png 199w, https:\/\/ljdevice.com.tw\/wp-content\/uploads\/2017\/03\/logo-36x36.png 36w, https:\/\/ljdevice.com.tw\/wp-content\/uploads\/2017\/03\/logo-180x180.png 180w, https:\/\/ljdevice.com.tw\/wp-content\/uploads\/2017\/03\/logo-120x120.png 120w\" sizes=\"(max-width: 298px) 100vw, 298px\" \/><\/div><\/div><\/div><\/div>\n<style type=\"text\/css\" data-created_by=\"avia_inline_auto\" id=\"style-css-av-av_three_fifth-0aa7055fe62c3622faec82866afbaeb2\">\n.flex_column.av-av_three_fifth-0aa7055fe62c3622faec82866afbaeb2{\nborder-radius:0px 0px 0px 0px;\npadding:0px 0px 0px 0px;\n}\n<\/style>\n<div  class='flex_column av-av_three_fifth-0aa7055fe62c3622faec82866afbaeb2 av_three_fifth  avia-builder-el-7  el_after_av_two_fifth  avia-builder-el-last  flex_column_div av-zero-column-padding  '     ><section  class='av_textblock_section av-av_textblock-35972167d9f102c5ddaec0c531c98b9e '   itemscope=\"itemscope\" itemtype=\"https:\/\/schema.org\/CreativeWork\" ><div class='avia_textblock'  itemprop=\"text\" ><p style=\"text-align: justify;\">LJ DEVICES a \u00e9t\u00e9 fond\u00e9e en 1995 comme entreprise de conception et de commerce de masques MCU, d\u00e9codeurs, m\u00e9moire des composants de semi-conducteurs et les moteurs vibrants couvrant les ordinateurs portables, PDA, t\u00e9l\u00e9phones portables&#8230; La conception a permis de fournir la solution compl\u00e8te de t\u00e9l\u00e9communications, et le commerce s&#8217;est d\u00e9velopp\u00e9 vers la distribution et s\u2019est d\u00e9velopp\u00e9 pour \u00e9galement inclure les produits Opto\u00e9lectroniques.<\/p>\n<p style=\"text-align: justify;\">On estime qu&#8217;au 21\u00e8me si\u00e8cle, la zone d&#8217;Asie-pacifique sera un des march\u00e9s le plus florissant de la plan\u00e8te. M\u00eame sur le march\u00e9 des communications et des consommateurs. Nous avons donc \u00e9tabli une filiale \u00e0 Hong Kong en 2000 et deux divisions des ventes (incluant la R&amp;D) \u00e0 Guangzhou et Chongqing en Chine en 2001 pour permettre la capacit\u00e9 et la flexibilit\u00e9 de l\u2019offre des composants \u00e0 plus de 70 clients de diff\u00e9rents segments de march\u00e9.<\/p>\n<\/div><\/section><br \/>\n<div  class='avia-button-wrap av-av_button-09e3e846c66acb294879e9cef7438fb7-wrap avia-button-left  avia-builder-el-9  el_after_av_textblock  avia-builder-el-last '><a href='https:\/\/ljdevice.com.tw\/wp-content\/uploads\/2020\/10\/LJD-Corporation-Company-profile2020.spc_.pdf' class='avia-button av-av_button-09e3e846c66acb294879e9cef7438fb7 av-link-btn avia-icon_select-yes-left-icon avia-size-large avia-position-left av-icon-on-hover avia-color-theme-color' target=\"_blank\" rel=\"noopener noreferrer\" aria-label=\"T\u00e9l\u00e9charger le profil de l\u2019entreprise\"><span class='avia_button_icon avia_button_icon_left' aria-hidden='true' data-av_icon='\ue84f' data-av_iconfont='entypo-fontello'><\/span><span class='avia_iconbox_title' >T\u00e9l\u00e9charger le profil de l\u2019entreprise<\/span><\/a><\/div><\/p><\/div><\/div><\/div><\/div><!-- close content main div --><\/div><\/div>\n<style type=\"text\/css\" data-created_by=\"avia_inline_auto\" id=\"style-css-av-av_section-b8420dde28744ce61fb5ba172be58a58\">\n.avia-section.av-av_section-b8420dde28744ce61fb5ba172be58a58{\nbackground-repeat:no-repeat;\nbackground-image:url(https:\/\/ljdevice.com.tw\/wp-content\/uploads\/2013\/05\/00-495x400.jpg);\nbackground-position:50% 50%;\nbackground-attachment:fixed;\n}\n<\/style>\n<div id='av_section_2'  class='avia-section av-av_section-b8420dde28744ce61fb5ba172be58a58 main_color avia-section-huge avia-no-border-styling  avia-builder-el-10  el_after_av_section  avia-builder-el-last  avia-full-stretch avia-bg-style-fixed container_wrap sidebar_right'  data-section-bg-repeat='stretch'><div class='container av-section-cont-open' ><div class='template-page content  av-content-small alpha units'><div class='post-entry post-entry-type-page post-entry-14077'><div class='entry-content-wrapper clearfix'>\n\n<div class='flex_column_table av-av_one_fourth-ccf2eb48c270774874bb9b03cdfefe59 sc-av_one_fourth av-equal-height-column-flextable'>\n<style type=\"text\/css\" data-created_by=\"avia_inline_auto\" id=\"style-css-av-av_one_fourth-ccf2eb48c270774874bb9b03cdfefe59\">\n.flex_column.av-av_one_fourth-ccf2eb48c270774874bb9b03cdfefe59{\nborder-radius:8px 8px 8px 8px;\npadding:20px 20px 20px 20px;\nbackground-color:#ffffff;\n}\n<\/style>\n<div  class='flex_column av-av_one_fourth-ccf2eb48c270774874bb9b03cdfefe59 av_one_fourth  avia-builder-el-12  el_after_av_codeblock  el_before_av_one_fourth  box-shadow first flex_column_table_cell av-equal-height-column av-align-middle  '     ><p>\n<style type=\"text\/css\" data-created_by=\"avia_inline_auto\" id=\"style-css-av-av_font_icon-889de496985ac245a1a45652c812e396\">\n.av_font_icon.av-av_font_icon-889de496985ac245a1a45652c812e396{\ncolor:rgba(123,176,231,0.9);\nborder-color:rgba(123,176,231,0.9);\n}\n.av_font_icon.av-av_font_icon-889de496985ac245a1a45652c812e396 .av-icon-char{\nfont-size:80px;\nline-height:80px;\nwidth:80px;\n}\n<\/style>\n<span  class='av_font_icon av-av_font_icon-889de496985ac245a1a45652c812e396 avia_animate_when_visible av-icon-style-border avia-icon-pos-center avia-icon-animate'><span class='av-icon-char' aria-hidden='true' data-av_icon='\ue80b' data-av_iconfont='entypo-fontello' ><\/span><\/span><br \/>\n\n<style type=\"text\/css\" data-created_by=\"avia_inline_auto\" id=\"style-css-av-av_hr-48626df9161a848591cb0857c4e67232\">\n#top .hr.hr-invisible.av-av_hr-48626df9161a848591cb0857c4e67232{\nmargin-top:-30px;\nheight:1px;\n}\n<\/style>\n<div  class='hr av-av_hr-48626df9161a848591cb0857c4e67232 hr-invisible  avia-builder-el-14  el_after_av_font_icon  el_before_av_heading '><span class='hr-inner '><span class=\"hr-inner-style\"><\/span><\/span><\/div><br \/>\n\n<style type=\"text\/css\" data-created_by=\"avia_inline_auto\" id=\"style-css-av-av_heading-99b7b97fba6781a9a93cb6271e09b624\">\n#top .av-special-heading.av-av_heading-99b7b97fba6781a9a93cb6271e09b624{\npadding-bottom:3px;\n}\nbody .av-special-heading.av-av_heading-99b7b97fba6781a9a93cb6271e09b624 .av-special-heading-tag .heading-char{\nfont-size:25px;\n}\n.av-special-heading.av-av_heading-99b7b97fba6781a9a93cb6271e09b624 .av-subheading{\nfont-size:15px;\n}\n<\/style>\n<div  class='av-special-heading av-av_heading-99b7b97fba6781a9a93cb6271e09b624 av-special-heading-h1 blockquote modern-quote modern-centered  avia-builder-el-15  el_after_av_hr  el_before_av_textblock '><h1 class='av-special-heading-tag '  itemprop=\"headline\"  >Mission<\/h1><div class=\"special-heading-border\"><div class=\"special-heading-inner-border\"><\/div><\/div><\/div><br \/>\n\n<style type=\"text\/css\" data-created_by=\"avia_inline_auto\" id=\"style-css-av-av_textblock-9b1321c43bafb2111fc27665672dd31f\">\n#top .av_textblock_section.av-av_textblock-9b1321c43bafb2111fc27665672dd31f .avia_textblock{\nfont-size:22px;\n}\n<\/style>\n<section  class='av_textblock_section av-av_textblock-9b1321c43bafb2111fc27665672dd31f '   itemscope=\"itemscope\" itemtype=\"https:\/\/schema.org\/CreativeWork\" ><div class='avia_textblock'  itemprop=\"text\" ><p style=\"text-align: center;\">Int\u00e9grit\u00e9<\/p>\n<\/div><\/section><\/p><\/div><div class='av-flex-placeholder'><\/div>\n<style type=\"text\/css\" data-created_by=\"avia_inline_auto\" id=\"style-css-av-av_one_fourth-2453416120fa5b3e9a6c75b39facc564\">\n.flex_column.av-av_one_fourth-2453416120fa5b3e9a6c75b39facc564{\nborder-radius:8px 8px 8px 8px;\npadding:20px 20px 20px 20px;\nbackground-color:#ffffff;\n}\n<\/style>\n<div  class='flex_column av-av_one_fourth-2453416120fa5b3e9a6c75b39facc564 av_one_fourth  avia-builder-el-17  el_after_av_one_fourth  el_before_av_one_fourth  box-shadow flex_column_table_cell av-equal-height-column av-align-middle  '     ><p>\n<style type=\"text\/css\" data-created_by=\"avia_inline_auto\" id=\"style-css-av-av_font_icon-2ac5cfcecc974bce57b88d3efc92bc58\">\n.av_font_icon.av-av_font_icon-2ac5cfcecc974bce57b88d3efc92bc58{\ncolor:rgba(123,176,231,0.9);\nborder-color:rgba(123,176,231,0.9);\n}\n.av_font_icon.av-av_font_icon-2ac5cfcecc974bce57b88d3efc92bc58 .av-icon-char{\nfont-size:80px;\nline-height:80px;\nwidth:80px;\n}\n<\/style>\n<span  class='av_font_icon av-av_font_icon-2ac5cfcecc974bce57b88d3efc92bc58 avia_animate_when_visible av-icon-style-border avia-icon-pos-center avia-icon-animate'><span class='av-icon-char' aria-hidden='true' data-av_icon='\ue8ad' data-av_iconfont='entypo-fontello' ><\/span><\/span><br \/>\n\n<style type=\"text\/css\" data-created_by=\"avia_inline_auto\" id=\"style-css-av-av_hr-48626df9161a848591cb0857c4e67232\">\n#top .hr.hr-invisible.av-av_hr-48626df9161a848591cb0857c4e67232{\nmargin-top:-30px;\nheight:1px;\n}\n<\/style>\n<div  class='hr av-av_hr-48626df9161a848591cb0857c4e67232 hr-invisible  avia-builder-el-19  el_after_av_font_icon  el_before_av_heading '><span class='hr-inner '><span class=\"hr-inner-style\"><\/span><\/span><\/div><br \/>\n\n<style type=\"text\/css\" data-created_by=\"avia_inline_auto\" id=\"style-css-av-av_heading-81e2ff2f1dda849df71daf490e46e32e\">\n#top .av-special-heading.av-av_heading-81e2ff2f1dda849df71daf490e46e32e{\npadding-bottom:3px;\n}\nbody .av-special-heading.av-av_heading-81e2ff2f1dda849df71daf490e46e32e .av-special-heading-tag .heading-char{\nfont-size:25px;\n}\n.av-special-heading.av-av_heading-81e2ff2f1dda849df71daf490e46e32e .av-subheading{\nfont-size:15px;\n}\n<\/style>\n<div  class='av-special-heading av-av_heading-81e2ff2f1dda849df71daf490e46e32e av-special-heading-h1 blockquote modern-quote modern-centered  avia-builder-el-20  el_after_av_hr  el_before_av_textblock '><h1 class='av-special-heading-tag '  itemprop=\"headline\"  >Vision<\/h1><div class=\"special-heading-border\"><div class=\"special-heading-inner-border\"><\/div><\/div><\/div><br \/>\n\n<style type=\"text\/css\" data-created_by=\"avia_inline_auto\" id=\"style-css-av-av_textblock-9b1321c43bafb2111fc27665672dd31f\">\n#top .av_textblock_section.av-av_textblock-9b1321c43bafb2111fc27665672dd31f .avia_textblock{\nfont-size:22px;\n}\n<\/style>\n<section  class='av_textblock_section av-av_textblock-9b1321c43bafb2111fc27665672dd31f '   itemscope=\"itemscope\" itemtype=\"https:\/\/schema.org\/CreativeWork\" ><div class='avia_textblock'  itemprop=\"text\" ><p style=\"text-align: center;\">Innovation de la valeur<\/p>\n<\/div><\/section><\/p><\/div><div class='av-flex-placeholder'><\/div>\n<style type=\"text\/css\" data-created_by=\"avia_inline_auto\" id=\"style-css-av-av_one_fourth-2453416120fa5b3e9a6c75b39facc564\">\n.flex_column.av-av_one_fourth-2453416120fa5b3e9a6c75b39facc564{\nborder-radius:8px 8px 8px 8px;\npadding:20px 20px 20px 20px;\nbackground-color:#ffffff;\n}\n<\/style>\n<div  class='flex_column av-av_one_fourth-2453416120fa5b3e9a6c75b39facc564 av_one_fourth  avia-builder-el-22  el_after_av_one_fourth  el_before_av_one_fourth  box-shadow flex_column_table_cell av-equal-height-column av-align-middle  '     ><p>\n<style type=\"text\/css\" data-created_by=\"avia_inline_auto\" id=\"style-css-av-av_font_icon-265e3aa336b53299c13ed2f7bf39e197\">\n.av_font_icon.av-av_font_icon-265e3aa336b53299c13ed2f7bf39e197{\ncolor:rgba(123,176,231,0.9);\nborder-color:rgba(123,176,231,0.9);\n}\n.av_font_icon.av-av_font_icon-265e3aa336b53299c13ed2f7bf39e197 .av-icon-char{\nfont-size:80px;\nline-height:80px;\nwidth:80px;\n}\n<\/style>\n<span  class='av_font_icon av-av_font_icon-265e3aa336b53299c13ed2f7bf39e197 avia_animate_when_visible av-icon-style-border avia-icon-pos-center avia-icon-animate'><span class='av-icon-char' aria-hidden='true' data-av_icon='\ue812' data-av_iconfont='entypo-fontello' ><\/span><\/span><br \/>\n\n<style type=\"text\/css\" data-created_by=\"avia_inline_auto\" id=\"style-css-av-av_hr-48626df9161a848591cb0857c4e67232\">\n#top .hr.hr-invisible.av-av_hr-48626df9161a848591cb0857c4e67232{\nmargin-top:-30px;\nheight:1px;\n}\n<\/style>\n<div  class='hr av-av_hr-48626df9161a848591cb0857c4e67232 hr-invisible  avia-builder-el-24  el_after_av_font_icon  el_before_av_heading '><span class='hr-inner '><span class=\"hr-inner-style\"><\/span><\/span><\/div><br \/>\n\n<style type=\"text\/css\" data-created_by=\"avia_inline_auto\" id=\"style-css-av-av_heading-365caf63f855610768ae0c6dbc5a9f21\">\n#top .av-special-heading.av-av_heading-365caf63f855610768ae0c6dbc5a9f21{\npadding-bottom:3px;\n}\nbody .av-special-heading.av-av_heading-365caf63f855610768ae0c6dbc5a9f21 .av-special-heading-tag .heading-char{\nfont-size:25px;\n}\n.av-special-heading.av-av_heading-365caf63f855610768ae0c6dbc5a9f21 .av-subheading{\nfont-size:15px;\n}\n<\/style>\n<div  class='av-special-heading av-av_heading-365caf63f855610768ae0c6dbc5a9f21 av-special-heading-h1 blockquote modern-quote modern-centered  avia-builder-el-25  el_after_av_hr  el_before_av_textblock '><h1 class='av-special-heading-tag '  itemprop=\"headline\"  >Objectif<\/h1><div class=\"special-heading-border\"><div class=\"special-heading-inner-border\"><\/div><\/div><\/div><br \/>\n\n<style type=\"text\/css\" data-created_by=\"avia_inline_auto\" id=\"style-css-av-av_textblock-9b1321c43bafb2111fc27665672dd31f\">\n#top .av_textblock_section.av-av_textblock-9b1321c43bafb2111fc27665672dd31f .avia_textblock{\nfont-size:22px;\n}\n<\/style>\n<section  class='av_textblock_section av-av_textblock-9b1321c43bafb2111fc27665672dd31f '   itemscope=\"itemscope\" itemtype=\"https:\/\/schema.org\/CreativeWork\" ><div class='avia_textblock'  itemprop=\"text\" ><p style=\"text-align: center;\">De bon \u00e0 tr\u00e8s bon<\/p>\n<\/div><\/section><\/p><\/div><div class='av-flex-placeholder'><\/div>\n<style type=\"text\/css\" data-created_by=\"avia_inline_auto\" id=\"style-css-av-av_one_fourth-2453416120fa5b3e9a6c75b39facc564\">\n.flex_column.av-av_one_fourth-2453416120fa5b3e9a6c75b39facc564{\nborder-radius:8px 8px 8px 8px;\npadding:20px 20px 20px 20px;\nbackground-color:#ffffff;\n}\n<\/style>\n<div  class='flex_column av-av_one_fourth-2453416120fa5b3e9a6c75b39facc564 av_one_fourth  avia-builder-el-27  el_after_av_one_fourth  avia-builder-el-last  box-shadow flex_column_table_cell av-equal-height-column av-align-middle  '     ><p>\n<style type=\"text\/css\" data-created_by=\"avia_inline_auto\" id=\"style-css-av-av_font_icon-6390fe2cf151889ca2fc21f7ad9400e5\">\n.av_font_icon.av-av_font_icon-6390fe2cf151889ca2fc21f7ad9400e5{\ncolor:rgba(123,176,231,0.9);\nborder-color:rgba(123,176,231,0.9);\n}\n.av_font_icon.av-av_font_icon-6390fe2cf151889ca2fc21f7ad9400e5 .av-icon-char{\nfont-size:80px;\nline-height:80px;\nwidth:80px;\n}\n<\/style>\n<span  class='av_font_icon av-av_font_icon-6390fe2cf151889ca2fc21f7ad9400e5 avia_animate_when_visible av-icon-style-border avia-icon-pos-center avia-icon-animate'><span class='av-icon-char' aria-hidden='true' data-av_icon='\ue82b' data-av_iconfont='entypo-fontello' ><\/span><\/span><br \/>\n\n<style type=\"text\/css\" data-created_by=\"avia_inline_auto\" id=\"style-css-av-av_hr-48626df9161a848591cb0857c4e67232\">\n#top .hr.hr-invisible.av-av_hr-48626df9161a848591cb0857c4e67232{\nmargin-top:-30px;\nheight:1px;\n}\n<\/style>\n<div  class='hr av-av_hr-48626df9161a848591cb0857c4e67232 hr-invisible  avia-builder-el-29  el_after_av_font_icon  el_before_av_heading '><span class='hr-inner '><span class=\"hr-inner-style\"><\/span><\/span><\/div><br \/>\n\n<style type=\"text\/css\" data-created_by=\"avia_inline_auto\" id=\"style-css-av-av_heading-c3c8502a22d5d6d066d45ca75d0c7ae1\">\n#top .av-special-heading.av-av_heading-c3c8502a22d5d6d066d45ca75d0c7ae1{\npadding-bottom:3px;\n}\nbody .av-special-heading.av-av_heading-c3c8502a22d5d6d066d45ca75d0c7ae1 .av-special-heading-tag .heading-char{\nfont-size:25px;\n}\n.av-special-heading.av-av_heading-c3c8502a22d5d6d066d45ca75d0c7ae1 .av-subheading{\nfont-size:15px;\n}\n<\/style>\n<div  class='av-special-heading av-av_heading-c3c8502a22d5d6d066d45ca75d0c7ae1 av-special-heading-h1 blockquote modern-quote modern-centered  avia-builder-el-30  el_after_av_hr  el_before_av_textblock '><h1 class='av-special-heading-tag '  itemprop=\"headline\"  >Politique de qualit\u00e9<\/h1><div class=\"special-heading-border\"><div class=\"special-heading-inner-border\"><\/div><\/div><\/div><br \/>\n\n<style type=\"text\/css\" data-created_by=\"avia_inline_auto\" id=\"style-css-av-av_textblock-9b1321c43bafb2111fc27665672dd31f\">\n#top .av_textblock_section.av-av_textblock-9b1321c43bafb2111fc27665672dd31f .avia_textblock{\nfont-size:22px;\n}\n<\/style>\n<section  class='av_textblock_section av-av_textblock-9b1321c43bafb2111fc27665672dd31f '   itemscope=\"itemscope\" itemtype=\"https:\/\/schema.org\/CreativeWork\" ><div class='avia_textblock'  itemprop=\"text\" ><p style=\"text-align: center;\">TQM<\/p>\n<h6 style=\"text-align: center;\"><\/h6>\n<\/div><\/section><\/p><\/div><\/div><!--close column table wrapper. Autoclose: 1 -->\n<\/div><\/div><\/div><!-- close content main div --><\/div><\/div><div id='after_section_2'  class='main_color av_default_container_wrap container_wrap sidebar_right'  ><div class='container av-section-cont-open' ><div class='template-page content  av-content-small alpha units'><div class='post-entry post-entry-type-page post-entry-14077'><div class='entry-content-wrapper clearfix'><\/p>\n","protected":false},"excerpt":{"rendered":"","protected":false},"author":10,"featured_media":0,"parent":14056,"menu_order":0,"comment_status":"closed","ping_status":"closed","template":"","meta":{"footnotes":""},"class_list":["post-14077","page","type-page","status-publish","hentry"],"_links":{"self":[{"href":"https:\/\/ljdevice.com.tw\/fr\/wp-json\/wp\/v2\/pages\/14077","targetHints":{"allow":["GET"]}}],"collection":[{"href":"https:\/\/ljdevice.com.tw\/fr\/wp-json\/wp\/v2\/pages"}],"about":[{"href":"https:\/\/ljdevice.com.tw\/fr\/wp-json\/wp\/v2\/types\/page"}],"author":[{"embeddable":true,"href":"https:\/\/ljdevice.com.tw\/fr\/wp-json\/wp\/v2\/users\/10"}],"replies":[{"embeddable":true,"href":"https:\/\/ljdevice.com.tw\/fr\/wp-json\/wp\/v2\/comments?post=14077"}],"version-history":[{"count":5,"href":"https:\/\/ljdevice.com.tw\/fr\/wp-json\/wp\/v2\/pages\/14077\/revisions"}],"predecessor-version":[{"id":17390,"href":"https:\/\/ljdevice.com.tw\/fr\/wp-json\/wp\/v2\/pages\/14077\/revisions\/17390"}],"up":[{"embeddable":true,"href":"https:\/\/ljdevice.com.tw\/fr\/wp-json\/wp\/v2\/pages\/14056"}],"wp:attachment":[{"href":"https:\/\/ljdevice.com.tw\/fr\/wp-json\/wp\/v2\/media?parent=14077"}],"curies":[{"name":"wp","href":"https:\/\/api.w.org\/{rel}","templated":true}]}}