{"id":7708,"date":"2017-03-02T12:29:52","date_gmt":"2017-03-02T04:29:52","guid":{"rendered":"https:\/\/ljdevice.com.tw\/%e5%85%ac%e5%8f%b8%e7%b0%a1%e4%bb%8b\/%e5%85%ac%e5%8f%b8%e6%b2%bf%e9%9d%a9\/"},"modified":"2020-08-17T20:03:01","modified_gmt":"2020-08-17T12:03:01","slug":"%e5%85%ac%e5%8f%b8%e6%b2%bf%e9%9d%a9","status":"publish","type":"page","link":"https:\/\/ljdevice.com.tw\/es\/acerca-de-lj-device\/%e5%85%ac%e5%8f%b8%e6%b2%bf%e9%9d%a9\/","title":{"rendered":"Historia"},"content":{"rendered":"<div id='full_slider_1'  class='avia-fullwidth-slider main_color avia-shadow   avia-builder-el-0  el_before_av_layout_row  avia-builder-el-first   container_wrap sidebar_right'  >\n<style type=\"text\/css\" data-created_by=\"avia_inline_auto\" id=\"style-css-av-av_slideshow_full-2aa8aa9fe0f1283f963bf6d02a8ec7c8\">\n#top #wrap_all .avia-slideshow .av-slideshow-caption.av-av_slideshow_full-2aa8aa9fe0f1283f963bf6d02a8ec7c8__0 .avia-caption-title{\nfont-size:55px;\n}\n<\/style>\n<div  class='avia-slideshow av-av_slideshow_full-2aa8aa9fe0f1283f963bf6d02a8ec7c8 avia-slideshow-no scaling av_slideshow_full avia-fade-slider av-slideshow-ui av-control-default av-slideshow-manual av-loop-once av-loop-manual-endless av-default-height-applied   avia-slideshow-1' data-slideshow-options=\"{&quot;animation&quot;:&quot;fade&quot;,&quot;autoplay&quot;:false,&quot;loop_autoplay&quot;:&quot;once&quot;,&quot;interval&quot;:5,&quot;loop_manual&quot;:&quot;manual-endless&quot;,&quot;autoplay_stopper&quot;:false,&quot;noNavigation&quot;:false,&quot;bg_slider&quot;:false,&quot;keep_padding&quot;:false,&quot;hoverpause&quot;:false,&quot;show_slide_delay&quot;:0}\"  itemprop=\"image\" itemscope=\"itemscope\" itemtype=\"https:\/\/schema.org\/ImageObject\" ><ul class='avia-slideshow-inner ' style='padding-bottom: 16.666666666667%;'><li  class='avia-slideshow-slide av-av_slideshow_full-2aa8aa9fe0f1283f963bf6d02a8ec7c8__0  av-single-slide slide-1 slide-odd'><div data-rel='slideshow-1' class='avia-slide-wrap '   ><div class='av-slideshow-caption av-av_slideshow_full-2aa8aa9fe0f1283f963bf6d02a8ec7c8__0 caption_fullwidth caption_center'><div class=\"container caption_container\"><div class=\"slideshow_caption\"><div class=\"slideshow_inner_caption\"><div class=\"slideshow_align_caption\"><h2 class='avia-caption-title '  itemprop=\"name\" >Historia<\/h2><\/div><\/div><\/div><\/div><\/div><img decoding=\"async\" fetchpriority=\"high\" class=\"wp-image-27404 avia-img-lazy-loading-not-27404\"  src=\"https:\/\/ljdevice.com.tw\/wp-content\/uploads\/2014\/10\/01.jpg\" width=\"1500\" height=\"250\" title='\u5716\u7247\u6a19\u984c' alt=''  itemprop=\"thumbnailUrl\" srcset=\"https:\/\/ljdevice.com.tw\/wp-content\/uploads\/2014\/10\/01.jpg 1500w, https:\/\/ljdevice.com.tw\/wp-content\/uploads\/2014\/10\/01-300x50.jpg 300w, https:\/\/ljdevice.com.tw\/wp-content\/uploads\/2014\/10\/01-768x128.jpg 768w, https:\/\/ljdevice.com.tw\/wp-content\/uploads\/2014\/10\/01-1030x172.jpg 1030w, https:\/\/ljdevice.com.tw\/wp-content\/uploads\/2014\/10\/01-705x118.jpg 705w, https:\/\/ljdevice.com.tw\/wp-content\/uploads\/2014\/10\/01-450x75.jpg 450w\" sizes=\"(max-width: 1500px) 100vw, 1500px\" \/><\/div><\/li><\/ul><\/div><\/div>\n<div id='av-layout-grid-1'  class='av-layout-grid-container av-av_layout_row-caf1f26e08707a2ebe9176b630e736c2 entry-content-wrapper main_color av-flex-cells  avia-builder-el-1  el_after_av_slideshow_full  el_before_av_submenu  grid-row-not-first  container_wrap sidebar_right'  >\n\n<style type=\"text\/css\" data-created_by=\"avia_inline_auto\" id=\"style-css-av-av_cell_one_full-ce883d7f3812b7ccd17886f833202aa8\">\n.flex_cell.av-av_cell_one_full-ce883d7f3812b7ccd17886f833202aa8{\nvertical-align:top;\nbackground-color:#289528;\n}\n.responsive #top #wrap_all .flex_cell.av-av_cell_one_full-ce883d7f3812b7ccd17886f833202aa8{\npadding:3px 3px 3px 3px !important;\n}\n<\/style>\n<div class='flex_cell av-av_cell_one_full-ce883d7f3812b7ccd17886f833202aa8 av-gridrow-cell av_one_full no_margin  avia-builder-el-2  avia-builder-el-no-sibling '  ><div class='flex_cell_inner'><\/div><\/div>\n<\/div>\n<div class='clear'><\/div><div id='sub_menu1'  class='av-submenu-container av-av_submenu-80a2ad25834fa1400b8349c37038b618 main_color  avia-builder-el-3  el_after_av_layout_row  el_before_av_section  av-sticky-submenu submenu-not-first container_wrap sidebar_right' style='z-index:301' ><div class='container av-menu-mobile-disabled av-submenu-pos-center'><ul id='av-custom-submenu-1' class='av-subnav-menu' role='menu'>\n<li class='menu-item av-av_submenu_item-bf8797350154419b1e4ef44738a67763 menu-item-top-level menu-item-top-level-1' role='menuitem'><a href='https:\/\/ljdevice.com.tw\/es\/acerca-de-lj-device\/perfil\/'  ><span class='avia-bullet'><\/span><span class='avia-menu-text'>Perfil<\/span><\/a><\/li>\n<li class='menu-item av-av_submenu_item-30991a1e7cfb2939e982441ef3c03030 menu-item-top-level menu-item-top-level-2' role='menuitem'><a href='https:\/\/ljdevice.com.tw\/es\/acerca-de-lj-device\/%e5%85%ac%e5%8f%b8%e6%b2%bf%e9%9d%a9\/'  ><span class='avia-bullet'><\/span><span class='avia-menu-text'>Historia<\/span><\/a><\/li>\n<li class='menu-item av-av_submenu_item-f1526ca03d263a33106fbf185aba0926 menu-item-top-level menu-item-top-level-3' role='menuitem'><a href='https:\/\/ljdevice.com.tw\/es\/acerca-de-lj-device\/%e5%85%ac%e5%8f%b8%e7%b5%84%e7%b9%94%e5%9c%96\/'  ><span class='avia-bullet'><\/span><span class='avia-menu-text'>Organizaci\u00f3n<\/span><\/a><\/li>\n<li class='menu-item av-av_submenu_item-f24d8ba200b7d61d47ab794c1eb8a986 menu-item-top-level menu-item-top-level-4' role='menuitem'><a href='https:\/\/ljdevice.com.tw\/es\/acerca-de-lj-device\/certificacion\/'  ><span class='avia-bullet'><\/span><span class='avia-menu-text'>Certificaci\u00f3n<\/span><\/a><\/li>\n<\/ul><\/div><\/div><div class='sticky_placeholder'><\/div>\n<div id='av_section_1'  class='avia-section av-av_section-1c6c2555841528b1825f9cc1964bd443 main_color avia-section-large avia-no-border-styling  avia-builder-el-4  el_after_av_submenu  avia-builder-el-last  avia-bg-style-scroll container_wrap sidebar_right'  ><div class='container av-section-cont-open' ><div class='template-page content  av-content-small alpha units'><div class='post-entry post-entry-type-page post-entry-7708'><div class='entry-content-wrapper clearfix'>\n\n<style type=\"text\/css\" data-created_by=\"avia_inline_auto\" id=\"style-css-av-av_one_fifth-6126cab7d8fab8d08143dd2dacdf673c\">\n.flex_column.av-av_one_fifth-6126cab7d8fab8d08143dd2dacdf673c{\nborder-radius:0px 0px 0px 0px;\npadding:0px 0px 0px 0px;\n}\n<\/style>\n<div  class='flex_column av-av_one_fifth-6126cab7d8fab8d08143dd2dacdf673c av_one_fifth  avia-builder-el-5  el_before_av_three_fifth  avia-builder-el-first  first flex_column_div av-zero-column-padding  '     ><\/div>\n<style type=\"text\/css\" data-created_by=\"avia_inline_auto\" id=\"style-css-av-av_three_fifth-0aa7055fe62c3622faec82866afbaeb2\">\n.flex_column.av-av_three_fifth-0aa7055fe62c3622faec82866afbaeb2{\nborder-radius:0px 0px 0px 0px;\npadding:0px 0px 0px 0px;\n}\n<\/style>\n<div  class='flex_column av-av_three_fifth-0aa7055fe62c3622faec82866afbaeb2 av_three_fifth  avia-builder-el-6  el_after_av_one_fifth  el_before_av_one_fifth  flex_column_div av-zero-column-padding  '     ><div class='avia-data-table-wrap av-av_table-8c11dfe0fc305e35c77a3f394808e89e avia_responsive_table avia-table-1'><table  class='avia-table avia-data-table avia_pricing_default  avia-builder-el-7  avia-builder-el-no-sibling '  itemscope=\"itemscope\" itemtype=\"https:\/\/schema.org\/Table\" ><tbody><tr class=''><td class='avia-center-col'>2016<\/td><td class=''>Pas\u00f3 la certificaci\u00f3n ISO9001: 2015<\/td><\/tr><tr class=''><td class='avia-center-col'>2015<\/td><td class=''>Desarrollar un m\u00f3dulo de comunicaci\u00f3n 3G para Internet de las cosas<\/td><\/tr><tr class=''><td class='avia-center-col'>2014<\/td><td class=''>Presente la versi\u00f3n en l\u00ednea del sistema CRM (procesamiento de relaci\u00f3n con el cliente), establezca una plataforma de sincronizaci\u00f3n de informaci\u00f3n de procesamiento de relaci\u00f3n con el cliente de tres lugares a trav\u00e9s del Estrecho<\/td><\/tr><tr class=''><td class='avia-center-col'>2013<\/td><td class=''>Desarroll\u00f3 4 en 1 IC para fuente de alimentaci\u00f3n m\u00f3vil<br \/>\nVenta de chips LED de CA<\/td><\/tr><tr class=''><td class='avia-center-col'>2012<\/td><td class=''>Desarroll\u00f3 IC de protecci\u00f3n secundaria para bater\u00eda de litio<br \/>\nCFN IC de Weltrend<\/td><\/tr><tr class=''><td class='avia-center-col'>2011<\/td><td class=''>Gan\u00f3 el premio mensual del gerente [Cuarto gerente de 100 MVP]<br \/>\nIntroducir ERP de red para sincronizar operaciones de informaci\u00f3n en los tres lados.<\/td><\/tr><tr class=''><td class='avia-center-col'>2010<\/td><td class=''>Desarroll\u00f3 auriculares inal\u00e1mbricos digitales 2.4G, micr\u00f3fono, m\u00f3dulo de altavoz<\/td><\/tr><tr class=''><td class='avia-center-col'>2009<\/td><td class=''>Desarrolle circuitos integrados de protecci\u00f3n paralelos \u00fanicos y m\u00faltiples para paquetes de bater\u00edas de litio<\/td><\/tr><tr class=''><td class='avia-center-col'>2008<\/td><td class=''>Introdujo el sistema de comercio en l\u00ednea.<br \/>\nEstableci\u00f3 China Shenzhen Company<\/td><\/tr><tr class=''><td class='avia-center-col'>2007<\/td><td class=''>Aprob\u00f3 la certificaci\u00f3n del sistema de calidad ISO9001<\/td><\/tr><tr class=''><td class='avia-center-col'>2006<\/td><td class=''>Desarroll\u00f3 con \u00e9xito clientes de aplicaciones de comunicaci\u00f3n inal\u00e1mbrica IC en Hong Kong, China, Singapur y Corea del Sur<\/td><\/tr><tr class=''><td class='avia-center-col'>2005<\/td><td class=''>Extendi\u00f3 con \u00e9xito el mercado de bater\u00edas para computadoras port\u00e1tiles en los Estados Unidos y la India<\/td><\/tr><tr class=''><td class='avia-center-col'>2004<\/td><td class=''>Desarrollo de c\u00f3decs para comunicaciones inal\u00e1mbricas personales.<\/td><\/tr><tr class=''><td class='avia-center-col'>2003<\/td><td class=''>Invirti\u00f3 en Qianrui Technology Co., Ltd. para producir, desarrollar y vender bater\u00edas para computadoras port\u00e1tiles<\/td><\/tr><tr class=''><td class='avia-center-col'>2002<\/td><td class=''>Invertido en Guanying Co., Ltd. Planta de endurecimiento por vac\u00edo de pl\u00e1stico y superficie de pl\u00e1stico<br \/>\nInversi\u00f3n en la f\u00e1brica de motores de vibraci\u00f3n de China<\/td><\/tr><tr class=''><td class='avia-center-col'>2001<\/td><td class=''>Actu\u00f3 para las ventas de MCU y CI de decodificaci\u00f3n de Weiquan Electronics Co., Ltd.<\/td><\/tr><tr class=''><td class='avia-center-col'>2000<\/td><td class=''>Actu\u00f3 para las ventas de productos fotoel\u00e9ctricos AXT y Demeter en los Estados Unidos<\/td><\/tr><tr class=''><td class='avia-center-col'>1999<\/td><td class=''>Distribuci\u00f3n de MCU (unidad de procesamiento micro central) de HITACHI Semiconductor, combinando dise\u00f1o de software y aplicaci\u00f3n<\/td><\/tr><tr class=''><td class='avia-center-col'>1998<\/td><td class=''>Coopere con Jinjie Company para desarrollar una soluci\u00f3n personalizada para el localizador 2 en 1<\/td><\/tr><tr class=''><td class='avia-center-col'>1997<\/td><td class=''>Actu\u00f3 para las ventas de productos electr\u00f3nicos \/ el\u00e9ctricos de Corea Daesung Electric Co., Ltd.<\/td><\/tr><tr class=''><td class='avia-center-col'>1996<\/td><td class=''>Actuando para las ventas de decodificaci\u00f3n de IC de Ginjet<br \/>\nActuando para ventas atractivas de motores progresivos, motores de vibraci\u00f3n, etc.<\/td><\/tr><tr class=''><td class='avia-center-col'>1995<\/td><td class=''>Establecimiento de la empresa<\/td><\/tr><\/tbody><\/table><\/div><\/div>\n<style type=\"text\/css\" data-created_by=\"avia_inline_auto\" id=\"style-css-av-av_one_fifth-0aa7055fe62c3622faec82866afbaeb2\">\n.flex_column.av-av_one_fifth-0aa7055fe62c3622faec82866afbaeb2{\nborder-radius:0px 0px 0px 0px;\npadding:0px 0px 0px 0px;\n}\n<\/style>\n<div  class='flex_column av-av_one_fifth-0aa7055fe62c3622faec82866afbaeb2 av_one_fifth  avia-builder-el-8  el_after_av_three_fifth  avia-builder-el-last  flex_column_div av-zero-column-padding  '     ><\/div>\n<\/div><\/div><\/div><!-- close content main div --><\/div><\/div><div id='after_section_1'  class='main_color av_default_container_wrap container_wrap sidebar_right'  ><div class='container av-section-cont-open' ><div class='template-page content  av-content-small alpha units'><div class='post-entry post-entry-type-page post-entry-7708'><div class='entry-content-wrapper clearfix'>\n","protected":false},"excerpt":{"rendered":"","protected":false},"author":10,"featured_media":0,"parent":7690,"menu_order":2,"comment_status":"closed","ping_status":"closed","template":"","meta":{"footnotes":""},"class_list":["post-7708","page","type-page","status-publish","hentry"],"_links":{"self":[{"href":"https:\/\/ljdevice.com.tw\/es\/wp-json\/wp\/v2\/pages\/7708","targetHints":{"allow":["GET"]}}],"collection":[{"href":"https:\/\/ljdevice.com.tw\/es\/wp-json\/wp\/v2\/pages"}],"about":[{"href":"https:\/\/ljdevice.com.tw\/es\/wp-json\/wp\/v2\/types\/page"}],"author":[{"embeddable":true,"href":"https:\/\/ljdevice.com.tw\/es\/wp-json\/wp\/v2\/users\/10"}],"replies":[{"embeddable":true,"href":"https:\/\/ljdevice.com.tw\/es\/wp-json\/wp\/v2\/comments?post=7708"}],"version-history":[{"count":5,"href":"https:\/\/ljdevice.com.tw\/es\/wp-json\/wp\/v2\/pages\/7708\/revisions"}],"predecessor-version":[{"id":12408,"href":"https:\/\/ljdevice.com.tw\/es\/wp-json\/wp\/v2\/pages\/7708\/revisions\/12408"}],"up":[{"embeddable":true,"href":"https:\/\/ljdevice.com.tw\/es\/wp-json\/wp\/v2\/pages\/7690"}],"wp:attachment":[{"href":"https:\/\/ljdevice.com.tw\/es\/wp-json\/wp\/v2\/media?parent=7708"}],"curies":[{"name":"wp","href":"https:\/\/api.w.org\/{rel}","templated":true}]}}